{"id":41,"date":"2024-10-16T10:58:38","date_gmt":"2024-10-16T08:58:38","guid":{"rendered":"https:\/\/www.avis-royaltiz.com\/?page_id=41"},"modified":"2024-10-16T15:28:48","modified_gmt":"2024-10-16T13:28:48","slug":"royaltiz-arnaque-ou-pas","status":"publish","type":"page","link":"https:\/\/www.avis-royaltiz.com\/index.php\/royaltiz-arnaque-ou-pas\/","title":{"rendered":"royaltiz, arnaque ou pas ?"},"content":{"rendered":"<p>[et_pb_section fb_built=&#8221;1&#8243; admin_label=&#8221;Header&#8221; _builder_version=&#8221;4.27.2&#8243; _module_preset=&#8221;default&#8221; overflow-x=&#8221;hidden&#8221; overflow-y=&#8221;hidden&#8221; custom_padding=&#8221;4vw||0px||false|false&#8221; hover_enabled=&#8221;0&#8243; locked=&#8221;off&#8221; collapsed=&#8221;off&#8221; global_colors_info=&#8221;{}&#8221; background_color=&#8221;#000000&#8243; sticky_enabled=&#8221;0&#8243;][et_pb_row column_structure=&#8221;1_2,1_2&#8243; _builder_version=&#8221;4.27.2&#8243; _module_preset=&#8221;default&#8221; global_colors_info=&#8221;{}&#8221;][et_pb_column type=&#8221;1_2&#8243; _builder_version=&#8221;4.22.0&#8243; _module_preset=&#8221;default&#8221; global_colors_info=&#8221;{}&#8221;][et_pb_text _builder_version=&#8221;4.27.2&#8243; _module_preset=&#8221;9520065c-4159-494d-9964-61505eef9c5f&#8221; hover_enabled=&#8221;0&#8243; global_colors_info=&#8221;{}&#8221; header_text_color=&#8221;#FFFFFF&#8221; text_text_color=&#8221;#FFFFFF&#8221; sticky_enabled=&#8221;0&#8243;]<\/p>\n<h1 style=\"text-align: left;\"><span data-token-index=\"0\" class=\"notion-enable-hover\">Royaltiz, arnaque<br \/>ou pas ? <\/span><!-- notionvc: bbbd2f51-d2bc-46f0-88fb-fa358e7c4a68 --><br \/><!-- notionvc: 56830047-642f-432c-977a-a6ce25f17582 --><\/h1>\n<p style=\"text-align: left;\">Avec la mont\u00e9e en popularit\u00e9 des <a href=\"https:\/\/www.avis-royaltiz.com\/index.php\/comparaison-royaltiz-trendex-stocksfc\/\">plateformes d\u2019investissement<\/a> en ligne, beaucoup se demandent si Royaltiz est une arnaque, ou pas. Cet article a pour but d\u2019examiner la l\u00e9gitimit\u00e9 et la fiabilit\u00e9 de Royaltiz en se basant sur les avis des utilisateurs et les caract\u00e9ristiques de la plateforme.<!-- notionvc: 0606b2ba-e402-4b56-8a31-10807adbe182 --><br \/><!-- notionvc: f3953555-9e25-4fdb-a0bc-ed760c155121 --><\/p>\n<p style=\"text-align: left;\"><!-- notionvc: 070e7999-b4e1-4f2d-912b-6c5a3c4cf5b9 --><\/p>\n<h1><!-- notionvc: 98c9a743-b140-4c59-be10-bf39fa43e3a0 --><\/h1>\n<p>[\/et_pb_text][\/et_pb_column][et_pb_column type=&#8221;1_2&#8243; _builder_version=&#8221;4.27.2&#8243; _module_preset=&#8221;default&#8221; global_colors_info=&#8221;{}&#8221;][et_pb_image src=&#8221;http:\/\/www.avis-royaltiz.com\/wp-content\/uploads\/2024\/10\/Plan-de-travail-2-copie-8-1.png&#8221; title_text=&#8221;anonymous devant roayltiz&#8221; align=&#8221;center&#8221; _builder_version=&#8221;4.27.2&#8243; _module_preset=&#8221;default&#8221; hover_enabled=&#8221;0&#8243; global_colors_info=&#8221;{}&#8221; alt=&#8221;anonymous devant roayltiz&#8221; sticky_enabled=&#8221;0&#8243;][\/et_pb_image][\/et_pb_column][\/et_pb_row][\/et_pb_section][et_pb_section fb_built=&#8221;1&#8243; admin_label=&#8221;Feature&#8221; _builder_version=&#8221;4.27.2&#8243; _module_preset=&#8221;default&#8221; background_color=&#8221;#fbf9ff&#8221; saved_tabs=&#8221;all&#8221; locked=&#8221;off&#8221; collapsed=&#8221;on&#8221; global_colors_info=&#8221;{}&#8221;][et_pb_row column_structure=&#8221;1_2,1_2&#8243; custom_padding_last_edited=&#8221;on|tablet&#8221; _builder_version=&#8221;4.27.2&#8243; _module_preset=&#8221;default&#8221; background_color=&#8221;#FFFFFF&#8221; custom_padding=&#8221;|80px||80px|false|true&#8221; custom_padding_tablet=&#8221;|80px||80px|false|true&#8221; custom_padding_phone=&#8221;|30px||30px|false|true&#8221; border_radii=&#8221;on|38px|38px|38px|38px&#8221; global_colors_info=&#8221;{}&#8221;][et_pb_column type=&#8221;1_2&#8243; _builder_version=&#8221;4.21.0&#8243; _module_preset=&#8221;default&#8221; global_colors_info=&#8221;{}&#8221;][et_pb_image src=&#8221;http:\/\/www.avis-royaltiz.com\/wp-content\/uploads\/2024\/10\/Plan-de-travail-2-copie-8.png&#8221; title_text=&#8221;Plan-de-travail-2-copie-8&#8243; align=&#8221;center&#8221; _builder_version=&#8221;4.27.2&#8243; _module_preset=&#8221;default&#8221; global_colors_info=&#8221;{}&#8221;][\/et_pb_image][\/et_pb_column][et_pb_column type=&#8221;1_2&#8243; _builder_version=&#8221;4.22.0&#8243; _module_preset=&#8221;default&#8221; custom_padding=&#8221;60px||||false|false&#8221; custom_padding_tablet=&#8221;0px||||false|false&#8221; custom_padding_phone=&#8221;0vw||||false|false&#8221; custom_padding_last_edited=&#8221;on|desktop&#8221; global_colors_info=&#8221;{}&#8221;][et_pb_text _builder_version=&#8221;4.27.2&#8243; _module_preset=&#8221;9520065c-4159-494d-9964-61505eef9c5f&#8221; global_colors_info=&#8221;{}&#8221;]<\/p>\n<h3><span data-token-index=\"0\" class=\"notion-enable-hover\">Qu\u2019est-ce que Royaltiz ?<\/span><!-- notionvc: d3a0909e-4565-47b6-9592-864d63138b81 --><br \/><!-- notionvc: b8a9adac-4efb-4a08-b7c2-020f3aa87e9b --><\/h3>\n<p>[\/et_pb_text][et_pb_text _builder_version=&#8221;4.27.2&#8243; _module_preset=&#8221;9520065c-4159-494d-9964-61505eef9c5f&#8221; global_colors_info=&#8221;{}&#8221;]<\/p>\n<p>Royaltiz est une plateforme d\u2019investissement qui permet aux utilisateurs d\u2019investir dans la r\u00e9ussite <a href=\"https:\/\/www.avis-royaltiz.com\/index.php\/les-stars-sur-royaltiz-investissez-dans-le-futur-des-talents\/\">des talents<\/a>. Ces talents peuvent \u00eatre des sportifs, des artistes, ou d\u2019autres personnalit\u00e9s publiques. En investissant, les utilisateurs peuvent potentiellement gagner des b\u00e9n\u00e9fices en fonction des performances futures de ces talents.<!-- notionvc: f08c21dd-7000-4290-b1d3-6bf6ff33ade1 --><br \/><!-- notionvc: 82579d5d-0e1a-4222-ad93-b5219d5416e1 --><\/p>\n<p>[\/et_pb_text][\/et_pb_column][\/et_pb_row][et_pb_row _builder_version=&#8221;4.27.2&#8243; _module_preset=&#8221;default&#8221; global_colors_info=&#8221;{}&#8221;][et_pb_column type=&#8221;4_4&#8243; _builder_version=&#8221;4.27.2&#8243; _module_preset=&#8221;default&#8221; global_colors_info=&#8221;{}&#8221;][\/et_pb_column][\/et_pb_row][et_pb_row custom_padding_last_edited=&#8221;on|tablet&#8221; _builder_version=&#8221;4.27.2&#8243; _module_preset=&#8221;default&#8221; background_color=&#8221;#FFFFFF&#8221; custom_padding=&#8221;|80px||80px|false|true&#8221; custom_padding_tablet=&#8221;|80px||80px|false|true&#8221; custom_padding_phone=&#8221;|30px||30px|false|true&#8221; border_radii=&#8221;off|38px|38px||&#8221; global_colors_info=&#8221;{}&#8221;][et_pb_column type=&#8221;4_4&#8243; _builder_version=&#8221;4.22.0&#8243; _module_preset=&#8221;default&#8221; custom_padding=&#8221;60px||||false|false&#8221; custom_padding_tablet=&#8221;0px||||false|false&#8221; custom_padding_phone=&#8221;0vw||||false|false&#8221; custom_padding_last_edited=&#8221;on|desktop&#8221; global_colors_info=&#8221;{}&#8221;][et_pb_text _builder_version=&#8221;4.27.2&#8243; _module_preset=&#8221;9520065c-4159-494d-9964-61505eef9c5f&#8221; global_colors_info=&#8221;{}&#8221;]<\/p>\n<h3 style=\"text-align: center;\"><span data-token-index=\"0\" class=\"notion-enable-hover\">Arnaque ou opportunit\u00e9 l\u00e9gitime ?<\/span><!-- notionvc: 97bb836e-7212-42cb-b984-666938311c87 --><br \/><!-- notionvc: b8a9adac-4efb-4a08-b7c2-020f3aa87e9b --><\/h3>\n<p>[\/et_pb_text][et_pb_text _builder_version=&#8221;4.27.2&#8243; _module_preset=&#8221;9520065c-4159-494d-9964-61505eef9c5f&#8221; global_colors_info=&#8221;{}&#8221;]<\/p>\n<p style=\"text-align: center;\">Les doutes autour de la fiabilit\u00e9 de Royaltiz sont compr\u00e9hensibles, surtout avec le nombre croissant de <a href=\"https:\/\/www.avis-royaltiz.com\/index.php\/comparaison-royaltiz-trendex-stocksfc\/\">plateformes en ligne<\/a> qui ne tiennent pas leurs promesses. Cependant, apr\u00e8s avoir analys\u00e9 divers <span data-token-index=\"1\" class=\"notion-enable-hover\">avis Royaltiz<\/span> et retour d\u2019exp\u00e9rience des utilisateurs, plusieurs \u00e9l\u00e9ments indiquent que Royaltiz est une plateforme s\u00e9rieuse et l\u00e9gitime.<!-- notionvc: cb46ce13-50d0-47a2-a866-42238f8bfd43 --><br \/><!-- notionvc: 82579d5d-0e1a-4222-ad93-b5219d5416e1 --><\/p>\n<p>[\/et_pb_text][\/et_pb_column][\/et_pb_row][et_pb_row column_structure=&#8221;1_3,1_3,1_3&#8243; custom_padding_last_edited=&#8221;on|tablet&#8221; _builder_version=&#8221;4.27.2&#8243; _module_preset=&#8221;default&#8221; background_color=&#8221;#FFFFFF&#8221; custom_padding=&#8221;|80px||80px|false|true&#8221; custom_padding_tablet=&#8221;|80px||80px|false|true&#8221; custom_padding_phone=&#8221;|30px||30px|false|true&#8221; border_radii=&#8221;off|||38px|38px&#8221; global_colors_info=&#8221;{}&#8221;][et_pb_column type=&#8221;1_3&#8243; _builder_version=&#8221;4.27.2&#8243; _module_preset=&#8221;default&#8221; global_colors_info=&#8221;{}&#8221;][et_pb_text _builder_version=&#8221;4.27.2&#8243; _module_preset=&#8221;9520065c-4159-494d-9964-61505eef9c5f&#8221; global_colors_info=&#8221;{}&#8221;]<\/p>\n<h4><span data-token-index=\"0\" class=\"notion-enable-hover\">Transparence<\/span><!-- notionvc: 4e680300-41a0-44e7-874c-032a46793783 --><br \/><!-- notionvc: b8a9adac-4efb-4a08-b7c2-020f3aa87e9b --><\/h4>\n<p>[\/et_pb_text][et_pb_text _builder_version=&#8221;4.27.2&#8243; _module_preset=&#8221;9520065c-4159-494d-9964-61505eef9c5f&#8221; global_colors_info=&#8221;{}&#8221;]<\/p>\n<p style=\"text-align: left;\">Les doutes autour de la fiabilit\u00e9 de Royaltiz sont compr\u00e9hensibles, surtout avec le nombre croissant de plateformes en ligne qui ne tiennent pas leurs promesses. Cependant, apr\u00e8s avoir analys\u00e9 divers <span data-token-index=\"1\" class=\"notion-enable-hover\">avis Royaltiz<\/span> et retour d\u2019exp\u00e9rience des utilisateurs, plusieurs \u00e9l\u00e9ments indiquent que Royaltiz est une plateforme s\u00e9rieuse et l\u00e9gitime.<!-- notionvc: cb46ce13-50d0-47a2-a866-42238f8bfd43 --><br \/><!-- notionvc: 82579d5d-0e1a-4222-ad93-b5219d5416e1 --><\/p>\n<p>[\/et_pb_text][\/et_pb_column][et_pb_column type=&#8221;1_3&#8243; _builder_version=&#8221;4.27.2&#8243; _module_preset=&#8221;default&#8221; global_colors_info=&#8221;{}&#8221;][et_pb_text _builder_version=&#8221;4.27.2&#8243; _module_preset=&#8221;9520065c-4159-494d-9964-61505eef9c5f&#8221; global_colors_info=&#8221;{}&#8221;]<\/p>\n<h4><span data-token-index=\"0\" class=\"notion-enable-hover\">S\u00e9curit\u00e9<\/span><!-- notionvc: 16232311-c982-4be4-b960-604211a4a048 --><br \/><!-- notionvc: b8a9adac-4efb-4a08-b7c2-020f3aa87e9b --><\/h4>\n<p>[\/et_pb_text][et_pb_text _builder_version=&#8221;4.27.2&#8243; _module_preset=&#8221;9520065c-4159-494d-9964-61505eef9c5f&#8221; global_colors_info=&#8221;{}&#8221;]<\/p>\n<p>Les doutes autour de la fiabilit\u00e9 de Royaltiz sont compr\u00e9hensibles, surtout avec le nombre croissant de plateformes en ligne qui ne tiennent pas leurs promesses. Cependant, apr\u00e8s avoir analys\u00e9 divers <span data-token-index=\"1\" class=\"notion-enable-hover\">avis Royaltiz<\/span> et retour d\u2019exp\u00e9rience des utilisateurs, plusieurs \u00e9l\u00e9ments indiquent que Royaltiz est une plateforme s\u00e9rieuse et l\u00e9gitime.<!-- notionvc: cb46ce13-50d0-47a2-a866-42238f8bfd43 --><br \/><!-- notionvc: 82579d5d-0e1a-4222-ad93-b5219d5416e1 --><\/p>\n<p>[\/et_pb_text][\/et_pb_column][et_pb_column type=&#8221;1_3&#8243; _builder_version=&#8221;4.27.2&#8243; _module_preset=&#8221;default&#8221; global_colors_info=&#8221;{}&#8221;][et_pb_text _builder_version=&#8221;4.27.2&#8243; _module_preset=&#8221;9520065c-4159-494d-9964-61505eef9c5f&#8221; global_colors_info=&#8221;{}&#8221;]<\/p>\n<h4><span data-token-index=\"0\" class=\"notion-enable-hover\">Retour d\u2019exp\u00e9rience<\/span><br \/><!-- notionvc: b8a9adac-4efb-4a08-b7c2-020f3aa87e9b --><\/h4>\n<p>[\/et_pb_text][et_pb_text _builder_version=&#8221;4.27.2&#8243; _module_preset=&#8221;9520065c-4159-494d-9964-61505eef9c5f&#8221; global_colors_info=&#8221;{}&#8221;]<\/p>\n<p>De nombreux utilisateurs ont partag\u00e9 leurs exp\u00e9riences positives avec Royaltiz, affirmant qu\u2019ils ont pu retirer leurs gains sans probl\u00e8me. Bien que tout investissement comporte un certain risque, les t\u00e9moignages indiquent que la plateforme tient ses promesses.<!-- notionvc: 525bb415-d82c-4191-a6d9-e5d80df5e04e --><br \/><!-- notionvc: 82579d5d-0e1a-4222-ad93-b5219d5416e1 --><\/p>\n<p>[\/et_pb_text][\/et_pb_column][\/et_pb_row][et_pb_row _builder_version=&#8221;4.27.2&#8243; _module_preset=&#8221;default&#8221; global_colors_info=&#8221;{}&#8221;][et_pb_column type=&#8221;4_4&#8243; _builder_version=&#8221;4.27.2&#8243; _module_preset=&#8221;default&#8221; global_colors_info=&#8221;{}&#8221;][\/et_pb_column][\/et_pb_row][et_pb_row custom_padding_last_edited=&#8221;on|tablet&#8221; _builder_version=&#8221;4.27.2&#8243; _module_preset=&#8221;default&#8221; background_color=&#8221;#FFFFFF&#8221; custom_padding=&#8221;|80px||80px|false|true&#8221; custom_padding_tablet=&#8221;|80px||80px|false|true&#8221; custom_padding_phone=&#8221;|30px||30px|false|true&#8221; border_radii=&#8221;on|38px|38px|38px|38px&#8221; locked=&#8221;off&#8221; global_colors_info=&#8221;{}&#8221;][et_pb_column type=&#8221;4_4&#8243; _builder_version=&#8221;4.22.0&#8243; _module_preset=&#8221;default&#8221; custom_padding=&#8221;60px||||false|false&#8221; custom_padding_tablet=&#8221;0px||||false|false&#8221; custom_padding_phone=&#8221;0vw||||false|false&#8221; custom_padding_last_edited=&#8221;on|desktop&#8221; global_colors_info=&#8221;{}&#8221;][et_pb_text _builder_version=&#8221;4.27.2&#8243; _module_preset=&#8221;9520065c-4159-494d-9964-61505eef9c5f&#8221; global_colors_info=&#8221;{}&#8221;]<\/p>\n<h3><span data-token-index=\"0\" class=\"notion-enable-hover\">Critiques et points de vigilance<\/span><!-- notionvc: 1e8fe781-a459-4fa4-b31c-6121ff3d7346 --><br \/><!-- notionvc: b8a9adac-4efb-4a08-b7c2-020f3aa87e9b --><\/h3>\n<p>[\/et_pb_text][et_pb_text _builder_version=&#8221;4.27.2&#8243; _module_preset=&#8221;9520065c-4159-494d-9964-61505eef9c5f&#8221; global_colors_info=&#8221;{}&#8221;]<\/p>\n<p>Malgr\u00e9 les points positifs, certains utilisateurs se posent encore la question : <strong>Royaltiz, arnaque ou pas<\/strong> ? Voici quelques critiques courantes :<\/p>\n<p>\u2022 <strong>Rendements incertains<\/strong> : Comme tout investissement, les gains ne sont pas garantis. Certains utilisateurs ont exprim\u00e9 leur frustration face \u00e0 des performances inf\u00e9rieures aux attentes. Cependant, il est important de rappeler que le risque est inh\u00e9rent \u00e0 tout type d\u2019investissement.<\/p>\n<p>\u2022 <strong>Complexit\u00e9 pour les d\u00e9butants<\/strong> : Quelques utilisateurs trouvent que le fonctionnement de la plateforme est complexe, surtout pour ceux qui ne sont pas familiers avec l\u2019investissement. Cela pourrait entra\u00eener des erreurs ou des incompr\u00e9hensions.<\/p>\n<p><!-- notionvc: 19413b01-3c50-4abd-94c8-0aec8da001ee --><br \/><!-- notionvc: 82579d5d-0e1a-4222-ad93-b5219d5416e1 --><\/p>\n<p>[\/et_pb_text][et_pb_button button_url=&#8221;@ET-DC@eyJkeW5hbWljIjp0cnVlLCJjb250ZW50IjoicG9zdF9saW5rX3VybF9wYWdlIiwic2V0dGluZ3MiOnsicG9zdF9pZCI6IjQ2In19@&#8221; button_text=&#8221;Comparer avec les concurents&#8221; _builder_version=&#8221;4.27.2&#8243; _dynamic_attributes=&#8221;button_url&#8221; _module_preset=&#8221;default&#8221; button_border_radius=&#8221;41px&#8221; locked=&#8221;off&#8221; global_colors_info=&#8221;{}&#8221; button_bg_color__hover_enabled=&#8221;off|desktop&#8221;][\/et_pb_button][\/et_pb_column][\/et_pb_row][et_pb_row _builder_version=&#8221;4.27.2&#8243; _module_preset=&#8221;default&#8221; global_colors_info=&#8221;{}&#8221;][et_pb_column type=&#8221;4_4&#8243; _builder_version=&#8221;4.27.2&#8243; _module_preset=&#8221;default&#8221; global_colors_info=&#8221;{}&#8221;][\/et_pb_column][\/et_pb_row][et_pb_row custom_padding_last_edited=&#8221;on|tablet&#8221; _builder_version=&#8221;4.27.2&#8243; _module_preset=&#8221;default&#8221; background_color=&#8221;#FFFFFF&#8221; custom_padding=&#8221;|80px||80px|false|true&#8221; custom_padding_tablet=&#8221;|80px||80px|false|true&#8221; custom_padding_phone=&#8221;|30px||30px|false|true&#8221; border_radii=&#8221;on|38px|38px|38px|38px&#8221; locked=&#8221;off&#8221; global_colors_info=&#8221;{}&#8221;][et_pb_column type=&#8221;4_4&#8243; _builder_version=&#8221;4.22.0&#8243; _module_preset=&#8221;default&#8221; custom_padding=&#8221;60px||||false|false&#8221; custom_padding_tablet=&#8221;0px||||false|false&#8221; custom_padding_phone=&#8221;0vw||||false|false&#8221; custom_padding_last_edited=&#8221;on|desktop&#8221; global_colors_info=&#8221;{}&#8221;][et_pb_text _builder_version=&#8221;4.27.2&#8243; _module_preset=&#8221;9520065c-4159-494d-9964-61505eef9c5f&#8221; global_colors_info=&#8221;{}&#8221;]<\/p>\n<h3><span data-token-index=\"0\" class=\"notion-enable-hover\">Conclusion : Royaltiz est-ce fiable ?<\/span><!-- notionvc: 009fb68b-6181-4b71-8753-55c4097df97e --><br \/><!-- notionvc: b8a9adac-4efb-4a08-b7c2-020f3aa87e9b --><\/h3>\n<p>[\/et_pb_text][et_pb_text _builder_version=&#8221;4.27.2&#8243; _module_preset=&#8221;9520065c-4159-494d-9964-61505eef9c5f&#8221; global_colors_info=&#8221;{}&#8221;]<\/p>\n<p>Apr\u00e8s une analyse approfondie des <strong>avis sur Royaltiz<\/strong>, il appara\u00eet que la plateforme n\u2019est pas une arnaque. Elle offre une opportunit\u00e9 l\u00e9gitime d\u2019investir dans le succ\u00e8s de talents, mais comme pour tout investissement, il est essentiel de bien comprendre les risques impliqu\u00e9s. <strong>Royaltiz est-elle fiable<\/strong> ? Les preuves semblent indiquer que oui, bien que chaque utilisateur doive faire preuve de prudence et d\u2019informer avant d\u2019investir.<\/p>\n<p>En r\u00e9sum\u00e9, si vous envisagez d\u2019investir avec Royaltiz, assurez-vous de bien comprendre <strong>comment fonctionne Royaltiz<\/strong>, lisez attentivement les conditions d\u2019utilisation, et gardez \u00e0 l\u2019esprit que tout investissement comporte un risque.<\/p>\n<p><!-- notionvc: ecdf04d5-7e61-4fe0-b5e6-53f64c86800a --><\/p>\n<p>[\/et_pb_text][\/et_pb_column][\/et_pb_row][\/et_pb_section]<\/p>\n","protected":false},"excerpt":{"rendered":"<p>Royaltiz, arnaqueou pas ? Avec la mont\u00e9e en popularit\u00e9 des plateformes d\u2019investissement en ligne, beaucoup se demandent si Royaltiz est une arnaque, ou pas. Cet article a pour but d\u2019examiner la l\u00e9gitimit\u00e9 et la fiabilit\u00e9 de Royaltiz en se basant sur les avis des utilisateurs et les caract\u00e9ristiques de la plateforme. Qu\u2019est-ce que Royaltiz ?Royaltiz [&hellip;]<\/p>\n","protected":false},"author":1,"featured_media":0,"parent":0,"menu_order":0,"comment_status":"closed","ping_status":"closed","template":"","meta":{"_et_pb_use_builder":"on","_et_pb_old_content":"","_et_gb_content_width":"","om_disable_all_campaigns":false,"_monsterinsights_skip_tracking":false,"_monsterinsights_sitenote_active":false,"_monsterinsights_sitenote_note":"","_monsterinsights_sitenote_category":0,"_uf_show_specific_survey":0,"_uf_disable_surveys":false,"footnotes":""},"class_list":["post-41","page","type-page","status-publish","hentry"],"aioseo_notices":[],"_links":{"self":[{"href":"https:\/\/www.avis-royaltiz.com\/index.php\/wp-json\/wp\/v2\/pages\/41","targetHints":{"allow":["GET"]}}],"collection":[{"href":"https:\/\/www.avis-royaltiz.com\/index.php\/wp-json\/wp\/v2\/pages"}],"about":[{"href":"https:\/\/www.avis-royaltiz.com\/index.php\/wp-json\/wp\/v2\/types\/page"}],"author":[{"embeddable":true,"href":"https:\/\/www.avis-royaltiz.com\/index.php\/wp-json\/wp\/v2\/users\/1"}],"replies":[{"embeddable":true,"href":"https:\/\/www.avis-royaltiz.com\/index.php\/wp-json\/wp\/v2\/comments?post=41"}],"version-history":[{"count":5,"href":"https:\/\/www.avis-royaltiz.com\/index.php\/wp-json\/wp\/v2\/pages\/41\/revisions"}],"predecessor-version":[{"id":103,"href":"https:\/\/www.avis-royaltiz.com\/index.php\/wp-json\/wp\/v2\/pages\/41\/revisions\/103"}],"wp:attachment":[{"href":"https:\/\/www.avis-royaltiz.com\/index.php\/wp-json\/wp\/v2\/media?parent=41"}],"curies":[{"name":"wp","href":"https:\/\/api.w.org\/{rel}","templated":true}]}}